{"id":24,"date":"2025-12-01T09:51:18","date_gmt":"2025-12-01T09:51:18","guid":{"rendered":"https:\/\/lieblingsplatz.bitbytesystems.de\/?page_id=24"},"modified":"2025-12-01T13:22:06","modified_gmt":"2025-12-01T13:22:06","slug":"startseite","status":"publish","type":"page","link":"https:\/\/lieblingsplatz.bitbytesystems.de\/?page_id=24","title":{"rendered":"Startseite"},"content":{"rendered":"\t\t<div data-elementor-type=\"wp-page\" data-elementor-id=\"24\" class=\"elementor elementor-24\" data-elementor-post-type=\"page\">\n\t\t\t\t<div class=\"elementor-element elementor-element-4df31cde e-flex e-con-boxed e-con e-parent\" data-id=\"4df31cde\" data-element_type=\"container\" data-settings=\"{&quot;background_background&quot;:&quot;classic&quot;}\">\n\t\t\t\t\t<div class=\"e-con-inner\">\n\t\t\t\t<div class=\"elementor-element elementor-element-96bbec9 elementor-widget elementor-widget-elementskit-heading\" data-id=\"96bbec9\" data-element_type=\"widget\" data-widget_type=\"elementskit-heading.default\">\n\t\t\t\t\t<div class=\"ekit-wid-con\" ><div class=\"ekit-heading elementskit-section-title-wraper text_left   ekit_heading_tablet-   ekit_heading_mobile-\"><h2 class=\"ekit-heading--title elementskit-section-title \">Herzlich Willkommen <br> im Eiscafe Lieblingsplatz<\/h2>\t\t\t\t<div class='ekit-heading__description'>\n\t\t\t\t\t<p>\u00a0<\/p>\n<p>im Strandbad Sperenberg<\/p>\n\t\t\t\t<\/div>\n\t\t\t<\/div><\/div>\t\t\t\t<\/div>\n\t\t\t\t\t<\/div>\n\t\t\t\t<\/div>\n\t\t<div class=\"elementor-element elementor-element-28e1ba17 e-flex e-con-boxed e-con e-parent\" data-id=\"28e1ba17\" data-element_type=\"container\" data-settings=\"{&quot;background_background&quot;:&quot;classic&quot;}\">\n\t\t\t\t\t<div class=\"e-con-inner\">\n\t\t<div class=\"elementor-element elementor-element-4fb33afd e-con-full e-grid e-con e-child\" data-id=\"4fb33afd\" data-element_type=\"container\" data-settings=\"{&quot;background_background&quot;:&quot;classic&quot;}\">\n\t\t\t\t<div class=\"elementor-element elementor-element-4f892c75 ekit-equal-height-disable elementor-widget elementor-widget-elementskit-icon-box\" data-id=\"4f892c75\" data-element_type=\"widget\" data-widget_type=\"elementskit-icon-box.default\">\n\t\t\t\t\t<div class=\"ekit-wid-con\" >        <!-- link opening -->\n                <a href=\"#\" class=\"ekit_global_links\">\n                <!-- end link opening -->\n\n        <div class=\"elementskit-infobox text-center text- icon-top-align elementor-animation-   \">\n                    <div class=\"elementskit-box-header elementor-animation-\">\n                <div class=\"elementskit-info-box-icon  \">\n                    \n                <\/div>\n          <\/div>\n                        <div class=\"box-body\">\n                            <h3 class=\"elementskit-info-box-title\">\n                    Eiscaf\u00e8                <\/h3>\n                        \t\t  \t<p>Geniessen Sie Ihre Auszeit bei einer Tasse Kaffee mit einer Kugel unseres Qualit\u00e4tseis von Eisengel<\/p>\n                                <\/div>\n        \n        \n                <\/div>\n                <\/a>\n        <\/div>\t\t\t\t<\/div>\n\t\t\t\t<div class=\"elementor-element elementor-element-84730a4 ekit-equal-height-disable elementor-widget elementor-widget-elementskit-icon-box\" data-id=\"84730a4\" data-element_type=\"widget\" data-widget_type=\"elementskit-icon-box.default\">\n\t\t\t\t\t<div class=\"ekit-wid-con\" >        <!-- link opening -->\n                <a href=\"#\" class=\"ekit_global_links\">\n                <!-- end link opening -->\n\n        <div class=\"elementskit-infobox text-center text- icon-top-align elementor-animation-   \">\n                    <div class=\"elementskit-box-header elementor-animation-\">\n                <div class=\"elementskit-info-box-icon  \">\n                    \n                <\/div>\n          <\/div>\n                        <div class=\"box-body\">\n                            <h3 class=\"elementskit-info-box-title\">\n                    Catering                <\/h3>\n                        \t\t  \t<p>Ob Buffet, Grillwurst oder Bierwagen. Bei uns bekommen Sie das Rundum-Sorglospaket f\u00fcr Ihr Event<\/p>\n                                <\/div>\n        \n        \n                <\/div>\n                <\/a>\n        <\/div>\t\t\t\t<\/div>\n\t\t\t\t<div class=\"elementor-element elementor-element-49cd5d20 ekit-equal-height-disable elementor-widget elementor-widget-elementskit-icon-box\" data-id=\"49cd5d20\" data-element_type=\"widget\" data-widget_type=\"elementskit-icon-box.default\">\n\t\t\t\t\t<div class=\"ekit-wid-con\" >        <!-- link opening -->\n                <a href=\"#\" class=\"ekit_global_links\">\n                <!-- end link opening -->\n\n        <div class=\"elementskit-infobox text-center text- icon-top-align elementor-animation-   \">\n                    <div class=\"elementskit-box-header elementor-animation-\">\n                <div class=\"elementskit-info-box-icon  \">\n                    \n                <\/div>\n          <\/div>\n                        <div class=\"box-body\">\n                            <h3 class=\"elementskit-info-box-title\">\n                    Vermietung                <\/h3>\n                        \t\t  \t<p>Firmenfeier, Geburtstag bis hin zur Hochzeit. Ihr Event direkt am Strand. Bei dieser Location garantiert ein unvergessliches Event<\/p>\n                                <\/div>\n        \n        \n                <\/div>\n                <\/a>\n        <\/div>\t\t\t\t<\/div>\n\t\t\t\t<\/div>\n\t\t\t\t\t<\/div>\n\t\t\t\t<\/div>\n\t\t<div class=\"elementor-element elementor-element-2f84ecf2 e-flex e-con-boxed e-con e-parent\" data-id=\"2f84ecf2\" data-element_type=\"container\" data-settings=\"{&quot;background_background&quot;:&quot;classic&quot;}\">\n\t\t\t\t\t<div class=\"e-con-inner\">\n\t\t\t\t<div class=\"elementor-element elementor-element-43cbe9f8 elementor-widget elementor-widget-elementskit-heading\" data-id=\"43cbe9f8\" data-element_type=\"widget\" data-widget_type=\"elementskit-heading.default\">\n\t\t\t\t\t<div class=\"ekit-wid-con\" ><div class=\"ekit-heading elementskit-section-title-wraper text_center   ekit_heading_tablet-   ekit_heading_mobile-\"><h2 class=\"ekit-heading--title elementskit-section-title \">Das wohlbefinden unserer G\u00e4ste liegt uns am Herzen!<\/h2>\t\t\t\t<div class='ekit-heading__description'>\n\t\t\t\t\t<p>Aus diesem Grund sorgen wir stets f\u00fcr ein hohes Ma\u00df an Qualit\u00e4t bei unseren Produkten.<\/p>\n<p>Kommen Sie vorbei und machen sich ein Bild.<\/p>\n\t\t\t\t<\/div>\n\t\t\t<\/div><\/div>\t\t\t\t<\/div>\n\t\t\t\t\t<\/div>\n\t\t\t\t<\/div>\n\t\t<div class=\"elementor-element elementor-element-7afd5607 e-con-full elementor-hidden-phone e-flex e-con e-parent\" data-id=\"7afd5607\" data-element_type=\"container\" data-settings=\"{&quot;background_background&quot;:&quot;classic&quot;}\">\n\t\t\t\t<div class=\"elementor-element elementor-element-4e6a60a7 elementor-widget elementor-widget-elementskit-heading\" data-id=\"4e6a60a7\" data-element_type=\"widget\" data-widget_type=\"elementskit-heading.default\">\n\t\t\t\t\t<div class=\"ekit-wid-con\" ><div class=\"ekit-heading elementskit-section-title-wraper text_center   ekit_heading_tablet-   ekit_heading_mobile-\"><span class=\"elementskit-section-subtitle  \">\n\t\t\t\t\t\tF\u00fcr gro\u00df und klein\n\t\t\t\t\t<\/span><h2 class=\"ekit-heading--title elementskit-section-title \">Strandbad <span><span>Sperenberg<\/span><\/span><\/h2><\/div><\/div>\t\t\t\t<\/div>\n\t\t\t\t<\/div>\n\t\t<div class=\"elementor-element elementor-element-7c82c5c5 e-flex e-con-boxed e-con e-parent\" data-id=\"7c82c5c5\" data-element_type=\"container\">\n\t\t\t\t\t<div class=\"e-con-inner\">\n\t\t\t\t<div class=\"elementor-element elementor-element-357471cc elementor-widget elementor-widget-elementskit-heading\" data-id=\"357471cc\" data-element_type=\"widget\" data-widget_type=\"elementskit-heading.default\">\n\t\t\t\t\t<div class=\"ekit-wid-con\" ><div class=\"ekit-heading elementskit-section-title-wraper text_center   ekit_heading_tablet-   ekit_heading_mobile-\"><span class=\"elementskit-section-subtitle  \">\n\t\t\t\t\t\tPricing table\n\t\t\t\t\t<\/span><h2 class=\"ekit-heading--title elementskit-section-title \">Pricing <span>Plan<\/span><\/h2><\/div><\/div>\t\t\t\t<\/div>\n\t\t<div class=\"elementor-element elementor-element-37f0e680 e-con-full e-grid e-con e-child\" data-id=\"37f0e680\" data-element_type=\"container\">\n\t\t\t\t<div class=\"elementor-element elementor-element-507a540b elementor-widget elementor-widget-elementskit-pricing\" data-id=\"507a540b\" data-element_type=\"widget\" data-widget_type=\"elementskit-pricing.default\">\n\t\t\t\t<div class=\"elementor-widget-container\">\n\t\t\t\t\t<div class=\"ekit-wid-con\" >\n\n        <div class=\"elementskit-single-pricing \" >\n            <div class=\"elementskit-pricing-header \">\n\t\t\t\t                    <figure class=\"elementor-pricing-img\"><img decoding=\"async\" width=\"50\" height=\"50\" src=\"https:\/\/lieblingsplatz.bitbytesystems.de\/wp-content\/uploads\/2025\/12\/icon-1.png\" class=\"attachment-full size-full wp-image-73\" alt=\"\" \/><\/figure>                \t\t\t\t\n\t\t\t\t                \t<h3\t\t\t\t\tclass=\" elementskit-pricing-title\">Personal\t\t\t\t\t<\/h3>\n\t\t\t\t\t\t\t\t            <\/div>\n\t\t\t            <div class=\" elementskit-pricing-price-wraper has-tag \">\n                <div class=\"elementskit-pricing-tag\"><\/div>\n                <span class=\"elementskit-pricing-price\">\n\t\t\t\t\t\t\t\t\t\t\t<sup class=\"currency\">$<\/sup>\n\t\t\t\t\t\t\t\t\t\t<span>5.99<\/span>\n\t\t\t\t\t\n\t\t\t\t\t\t\t\t\t\t<sub class=\"period\">\/ Month<\/sub>\n\t\t\t\t\t\t\t\t\t<\/span>\n            <\/div>\n\t\t\t            <div class=\"elementskit-pricing-content \">\n\n                                                    <ul class=\"elementskit-pricing-lists\">\n                        \t\t\t\t\t\t\t<li class=\"elementor-repeater-item-2cf5be1\">\n\t\t\t\t\t\t\t\t\t\t\t\t\t\t\t\t\n\t\t\t\t\t\t\t\tGardens Service\t\t\t\t\t\t\t\t\n\t\t\t\t\t\t\t\t\t\t\t\t\t\t\t<\/li>\n                        \t\t\t\t\t\t\t<li class=\"elementor-repeater-item-f967a45\">\n\t\t\t\t\t\t\t\t\t\t\t\t\t\t\t\t\n\t\t\t\t\t\t\t\tPreparing Landscape\t\t\t\t\t\t\t\t\n\t\t\t\t\t\t\t\t\t\t\t\t\t\t\t<\/li>\n                        \t\t\t\t\t\t\t<li class=\"elementor-repeater-item-70e1cb4\">\n\t\t\t\t\t\t\t\t\t\t\t\t\t\t\t\t\n\t\t\t\t\t\t\t\tForest Planning\t\t\t\t\t\t\t\t\n\t\t\t\t\t\t\t\t\t\t\t\t\t\t\t<\/li>\n                                            <\/ul>\n                            <\/div>\n            <div class=\"elementskit-pricing-btn-wraper \">\n\t\t\t\t<a href=\"#\" class=\"elementskit-pricing-btn  ekit-pricing-btn-icon-pos-\" >\n\t\t\t\t\tget it now\t\t\t\t<\/a>\n            <\/div>\n        <\/div>\n\n    <\/div>\t\t\t\t<\/div>\n\t\t\t\t<\/div>\n\t\t\t\t<div class=\"elementor-element elementor-element-35db2c62 elementor-widget elementor-widget-elementskit-pricing\" data-id=\"35db2c62\" data-element_type=\"widget\" data-widget_type=\"elementskit-pricing.default\">\n\t\t\t\t<div class=\"elementor-widget-container\">\n\t\t\t\t\t<div class=\"ekit-wid-con\" >\n\n        <div class=\"elementskit-single-pricing \" >\n            <div class=\"elementskit-pricing-header \">\n\t\t\t\t                    <figure class=\"elementor-pricing-img\"><img decoding=\"async\" width=\"50\" height=\"50\" src=\"https:\/\/lieblingsplatz.bitbytesystems.de\/wp-content\/uploads\/2025\/12\/icon-3.png\" class=\"attachment-full size-full wp-image-74\" alt=\"\" \/><\/figure>                \t\t\t\t\n\t\t\t\t                \t<h3\t\t\t\t\tclass=\" elementskit-pricing-title\">Enterprise\t\t\t\t\t<\/h3>\n\t\t\t\t\t\t\t\t            <\/div>\n\t\t\t            <div class=\" elementskit-pricing-price-wraper has-tag \">\n                <div class=\"elementskit-pricing-tag\"><\/div>\n                <span class=\"elementskit-pricing-price\">\n\t\t\t\t\t\t\t\t\t\t\t<sup class=\"currency\">$<\/sup>\n\t\t\t\t\t\t\t\t\t\t<span>7.99<\/span>\n\t\t\t\t\t\n\t\t\t\t\t\t\t\t\t\t<sub class=\"period\">\/ Month<\/sub>\n\t\t\t\t\t\t\t\t\t<\/span>\n            <\/div>\n\t\t\t            <div class=\"elementskit-pricing-content \">\n\n                                                    <ul class=\"elementskit-pricing-lists\">\n                        \t\t\t\t\t\t\t<li class=\"elementor-repeater-item-2cf5be1\">\n\t\t\t\t\t\t\t\t\t\t\t\t\t\t\t\t\n\t\t\t\t\t\t\t\tGardens Service\t\t\t\t\t\t\t\t\n\t\t\t\t\t\t\t\t\t\t\t\t\t\t\t<\/li>\n                        \t\t\t\t\t\t\t<li class=\"elementor-repeater-item-f967a45\">\n\t\t\t\t\t\t\t\t\t\t\t\t\t\t\t\t\n\t\t\t\t\t\t\t\tPreparing Landscape\t\t\t\t\t\t\t\t\n\t\t\t\t\t\t\t\t\t\t\t\t\t\t\t<\/li>\n                        \t\t\t\t\t\t\t<li class=\"elementor-repeater-item-70e1cb4\">\n\t\t\t\t\t\t\t\t\t\t\t\t\t\t\t\t\n\t\t\t\t\t\t\t\tForest Planning\t\t\t\t\t\t\t\t\n\t\t\t\t\t\t\t\t\t\t\t\t\t\t\t<\/li>\n                                            <\/ul>\n                            <\/div>\n            <div class=\"elementskit-pricing-btn-wraper \">\n\t\t\t\t<a href=\"#\" class=\"elementskit-pricing-btn  ekit-pricing-btn-icon-pos-\" >\n\t\t\t\t\tget it now\t\t\t\t<\/a>\n            <\/div>\n        <\/div>\n\n    <\/div>\t\t\t\t<\/div>\n\t\t\t\t<\/div>\n\t\t\t\t<div class=\"elementor-element elementor-element-2890ab61 elementor-widget elementor-widget-elementskit-pricing\" data-id=\"2890ab61\" data-element_type=\"widget\" data-widget_type=\"elementskit-pricing.default\">\n\t\t\t\t<div class=\"elementor-widget-container\">\n\t\t\t\t\t<div class=\"ekit-wid-con\" >\n\n        <div class=\"elementskit-single-pricing \" >\n            <div class=\"elementskit-pricing-header \">\n\t\t\t\t                    <figure class=\"elementor-pricing-img\"><img decoding=\"async\" width=\"50\" height=\"50\" src=\"https:\/\/lieblingsplatz.bitbytesystems.de\/wp-content\/uploads\/2025\/12\/icon-2.png\" class=\"attachment-full size-full wp-image-75\" alt=\"\" \/><\/figure>                \t\t\t\t\n\t\t\t\t                \t<h3\t\t\t\t\tclass=\" elementskit-pricing-title\">Professional\t\t\t\t\t<\/h3>\n\t\t\t\t\t\t\t\t            <\/div>\n\t\t\t            <div class=\" elementskit-pricing-price-wraper has-tag \">\n                <div class=\"elementskit-pricing-tag\"><\/div>\n                <span class=\"elementskit-pricing-price\">\n\t\t\t\t\t\t\t\t\t\t\t<sup class=\"currency\">$<\/sup>\n\t\t\t\t\t\t\t\t\t\t<span>9.99<\/span>\n\t\t\t\t\t\n\t\t\t\t\t\t\t\t\t\t<sub class=\"period\">\/ Month<\/sub>\n\t\t\t\t\t\t\t\t\t<\/span>\n            <\/div>\n\t\t\t            <div class=\"elementskit-pricing-content \">\n\n                                                    <ul class=\"elementskit-pricing-lists\">\n                        \t\t\t\t\t\t\t<li class=\"elementor-repeater-item-2cf5be1\">\n\t\t\t\t\t\t\t\t\t\t\t\t\t\t\t\t\n\t\t\t\t\t\t\t\tGardens Service\t\t\t\t\t\t\t\t\n\t\t\t\t\t\t\t\t\t\t\t\t\t\t\t<\/li>\n                        \t\t\t\t\t\t\t<li class=\"elementor-repeater-item-f967a45\">\n\t\t\t\t\t\t\t\t\t\t\t\t\t\t\t\t\n\t\t\t\t\t\t\t\tPreparing Landscape\t\t\t\t\t\t\t\t\n\t\t\t\t\t\t\t\t\t\t\t\t\t\t\t<\/li>\n                        \t\t\t\t\t\t\t<li class=\"elementor-repeater-item-70e1cb4\">\n\t\t\t\t\t\t\t\t\t\t\t\t\t\t\t\t\n\t\t\t\t\t\t\t\tForest Planning\t\t\t\t\t\t\t\t\n\t\t\t\t\t\t\t\t\t\t\t\t\t\t\t<\/li>\n                                            <\/ul>\n                            <\/div>\n            <div class=\"elementskit-pricing-btn-wraper \">\n\t\t\t\t<a href=\"#\" class=\"elementskit-pricing-btn  ekit-pricing-btn-icon-pos-\" >\n\t\t\t\t\tget it now\t\t\t\t<\/a>\n            <\/div>\n        <\/div>\n\n    <\/div>\t\t\t\t<\/div>\n\t\t\t\t<\/div>\n\t\t\t\t<\/div>\n\t\t\t\t\t<\/div>\n\t\t\t\t<\/div>\n\t\t<div class=\"elementor-element elementor-element-731431e6 e-flex e-con-boxed e-con e-parent\" data-id=\"731431e6\" data-element_type=\"container\" data-settings=\"{&quot;background_background&quot;:&quot;classic&quot;}\">\n\t\t\t\t\t<div class=\"e-con-inner\">\n\t\t<div class=\"elementor-element elementor-element-4e81a353 e-con-full e-flex e-con e-child\" data-id=\"4e81a353\" data-element_type=\"container\" data-settings=\"{&quot;background_background&quot;:&quot;classic&quot;}\">\n\t\t\t\t<div class=\"elementor-element elementor-element-54be65b8 elementor-widget__width-inherit elementor-widget elementor-widget-elementskit-heading\" data-id=\"54be65b8\" data-element_type=\"widget\" data-widget_type=\"elementskit-heading.default\">\n\t\t\t\t\t<div class=\"ekit-wid-con\" ><div class=\"ekit-heading elementskit-section-title-wraper text_left   ekit_heading_tablet-   ekit_heading_mobile-\"><h3 class=\"elementskit-section-subtitle  \">\n\t\t\t\t\t\tWe will contact\n\t\t\t\t\t<\/h3><h2 class=\"ekit-heading--title elementskit-section-title \">Get a <span>call back<\/span><\/h2><\/div><\/div>\t\t\t\t<\/div>\n\t\t\t\t<\/div>\n\t\t<div class=\"elementor-element elementor-element-70ae197 e-con-full e-flex e-con e-child\" data-id=\"70ae197\" data-element_type=\"container\">\n\t\t\t\t<div class=\"elementor-element elementor-element-34fe8674 elementor-widget elementor-widget-elementskit-testimonial\" data-id=\"34fe8674\" data-element_type=\"widget\" data-widget_type=\"elementskit-testimonial.default\">\n\t\t\t\t\t<div class=\"ekit-wid-con\" ><div class=\"elementskit-testimonial-slider ekit-testimonia-style-4 arrow_inside \" data-config=\"{&quot;rtl&quot;:false,&quot;arrows&quot;:false,&quot;dots&quot;:false,&quot;pauseOnHover&quot;:true,&quot;autoplay&quot;:true,&quot;speed&quot;:1000,&quot;slidesPerGroup&quot;:1,&quot;slidesPerView&quot;:2,&quot;loop&quot;:true,&quot;spaceBetween&quot;:15,&quot;breakpoints&quot;:{&quot;320&quot;:{&quot;slidesPerView&quot;:1,&quot;slidesPerGroup&quot;:1,&quot;spaceBetween&quot;:10},&quot;768&quot;:{&quot;slidesPerView&quot;:1,&quot;slidesPerGroup&quot;:1,&quot;spaceBetween&quot;:10},&quot;1024&quot;:{&quot;slidesPerView&quot;:2,&quot;slidesPerGroup&quot;:1,&quot;spaceBetween&quot;:15}}}\">\n\t<div class=\"ekit-main-swiper swiper\">\n\t\t<div class=\"swiper-wrapper\">\n\t\t\t\t\t\t\t<div class=\"swiper-slide\">\n\t\t\t\t\t<div class=\"swiper-slide-inner\">\n\t\t\t\t\t\t<div class=\"elementskit-single-testimonial-slider elementskit-testimonial-slider-block-style  elementor-repeater-item-b8cbd17\" >\n\t\t\t\t\t\t\t<div class=\"elementskit-commentor-bio client_left\">\n\t\t\t\t\t\t\t\t\t\t\t\t\t\t\t\t\t\n\t\t\t\t\t\t\t\t\t\t\t\t\t\t\t\t\t\t\t<div class=\"elementskit-commentor-image ekit-testimonial--avatar\">\n\t\t\t\t\t\t\t\t\t\t\t<img loading=\"lazy\" decoding=\"async\" width=\"64\" height=\"64\" src=\"https:\/\/lieblingsplatz.bitbytesystems.de\/wp-content\/uploads\/2025\/12\/img-1.png\" class=\"attachment-full size-full\" alt=\"\" \/>\t\t\t\t\t\t\t\t\t\t<\/div>\n\t\t\t\t\t\t\t\t\t\t\t\t\t\t\t\t\t\t\t\t\t\t\t\t\t<span class=\"elementskit-profile-info\">\n\t\t\t\t\t\t\t\t\t<strong class=\"elementskit-author-name\">Stephen Flores<\/strong>\n\t\t\t\t\t\t\t\t\t<span class=\"elementskit-author-des\">WP Team Lead, Roxnor<\/span>\n\t\t\t\t\t\t\t\t<\/span>\n\t\t\t\t\t\t\t<\/div>\n\t\t\t\t\t\t\t<div class=\"elementskit-commentor-content\">\n\t\t\t\t\t\t\t\t\t\t\t\t\t\t\t\t\t\n\t\t\t\t\t\t\t\t\t<span class=\"elementskit-watermark-icon ekit_watermark_icon_custom_position\">\n\t\t\t\t\t\t\t\t\t\t<i aria-hidden=\"true\" class=\"icon icon-quote\"><\/i>\t\t\t\t\t\t\t\t\t<\/span>\n\n\t\t\t\t\t\t\t\t\t\t\t\t\t\t\t\t\t\t\t\t\t\t\t\t\t<p>Get testimonial widget now for Elementor along with a fully responsive &amp; mobile friendly interface to help you manage your client testimonials<\/p>\n\t\t\t\t\t\t\t\t\t\t\t\t\t\t\t\t\t\t\t\t\t\t\t<\/div><!-- .commentor-content END -->\n\t\t\t\t\t\t<\/div>\n\t\t\t\t\t<\/div>\n\t\t\t\t<\/div>\n\t\t\t\t\t\t\t<div class=\"swiper-slide\">\n\t\t\t\t\t<div class=\"swiper-slide-inner\">\n\t\t\t\t\t\t<div class=\"elementskit-single-testimonial-slider elementskit-testimonial-slider-block-style  elementor-repeater-item-83ae5b5\" >\n\t\t\t\t\t\t\t<div class=\"elementskit-commentor-bio client_left\">\n\t\t\t\t\t\t\t\t\t\t\t\t\t\t\t\t\t\n\t\t\t\t\t\t\t\t\t\t\t\t\t\t\t\t\t\t\t<div class=\"elementskit-commentor-image ekit-testimonial--avatar\">\n\t\t\t\t\t\t\t\t\t\t\t<img loading=\"lazy\" decoding=\"async\" width=\"64\" height=\"64\" src=\"https:\/\/lieblingsplatz.bitbytesystems.de\/wp-content\/uploads\/2025\/12\/img-2.png\" class=\"attachment-full size-full\" alt=\"\" \/>\t\t\t\t\t\t\t\t\t\t<\/div>\n\t\t\t\t\t\t\t\t\t\t\t\t\t\t\t\t\t\t\t\t\t\t\t\t\t<span class=\"elementskit-profile-info\">\n\t\t\t\t\t\t\t\t\t<strong class=\"elementskit-author-name\">Marissa Young<\/strong>\n\t\t\t\t\t\t\t\t\t<span class=\"elementskit-author-des\">Founder, Wpmet<\/span>\n\t\t\t\t\t\t\t\t<\/span>\n\t\t\t\t\t\t\t<\/div>\n\t\t\t\t\t\t\t<div class=\"elementskit-commentor-content\">\n\t\t\t\t\t\t\t\t\t\t\t\t\t\t\t\t\t\n\t\t\t\t\t\t\t\t\t<span class=\"elementskit-watermark-icon ekit_watermark_icon_custom_position\">\n\t\t\t\t\t\t\t\t\t\t<i aria-hidden=\"true\" class=\"icon icon-quote\"><\/i>\t\t\t\t\t\t\t\t\t<\/span>\n\n\t\t\t\t\t\t\t\t\t\t\t\t\t\t\t\t\t\t\t\t\t\t\t\t\t<p>Get testimonial widget now for Elementor along with a fully responsive &amp; mobile friendly interface to help you manage your client testimonials<\/p>\n\t\t\t\t\t\t\t\t\t\t\t\t\t\t\t\t\t\t\t\t\t\t\t<\/div><!-- .commentor-content END -->\n\t\t\t\t\t\t<\/div>\n\t\t\t\t\t<\/div>\n\t\t\t\t<\/div>\n\t\t\t\t\t\t\t<div class=\"swiper-slide\">\n\t\t\t\t\t<div class=\"swiper-slide-inner\">\n\t\t\t\t\t\t<div class=\"elementskit-single-testimonial-slider elementskit-testimonial-slider-block-style  elementor-repeater-item-ea22356\" >\n\t\t\t\t\t\t\t<div class=\"elementskit-commentor-bio client_left\">\n\t\t\t\t\t\t\t\t\t\t\t\t\t\t\t\t\t\n\t\t\t\t\t\t\t\t\t\t\t\t\t\t\t\t\t\t\t<div class=\"elementskit-commentor-image ekit-testimonial--avatar\">\n\t\t\t\t\t\t\t\t\t\t\t<img loading=\"lazy\" decoding=\"async\" width=\"64\" height=\"64\" src=\"https:\/\/lieblingsplatz.bitbytesystems.de\/wp-content\/uploads\/2025\/12\/10.png\" class=\"attachment-full size-full\" alt=\"\" \/>\t\t\t\t\t\t\t\t\t\t<\/div>\n\t\t\t\t\t\t\t\t\t\t\t\t\t\t\t\t\t\t\t\t\t\t\t\t\t<span class=\"elementskit-profile-info\">\n\t\t\t\t\t\t\t\t\t<strong class=\"elementskit-author-name\">Whitney Romero<\/strong>\n\t\t\t\t\t\t\t\t\t<span class=\"elementskit-author-des\">Founder, Wpmet<\/span>\n\t\t\t\t\t\t\t\t<\/span>\n\t\t\t\t\t\t\t<\/div>\n\t\t\t\t\t\t\t<div class=\"elementskit-commentor-content\">\n\t\t\t\t\t\t\t\t\t\t\t\t\t\t\t\t\t\n\t\t\t\t\t\t\t\t\t<span class=\"elementskit-watermark-icon ekit_watermark_icon_custom_position\">\n\t\t\t\t\t\t\t\t\t\t<i aria-hidden=\"true\" class=\"icon icon-quote\"><\/i>\t\t\t\t\t\t\t\t\t<\/span>\n\n\t\t\t\t\t\t\t\t\t\t\t\t\t\t\t\t\t\t\t\t\t\t\t\t\t<p>Get testimonial widget now for Elementor along with a fully responsive &amp; mobile friendly interface to help you manage your client testimonials<\/p>\n\t\t\t\t\t\t\t\t\t\t\t\t\t\t\t\t\t\t\t\t\t\t\t<\/div><!-- .commentor-content END -->\n\t\t\t\t\t\t<\/div>\n\t\t\t\t\t<\/div>\n\t\t\t\t<\/div>\n\t\t\t\t\t<\/div>\n\n\t\t\n\t\t\t<\/div>\n<\/div><\/div>\t\t\t\t<\/div>\n\t\t\t\t<\/div>\n\t\t\t\t\t<\/div>\n\t\t\t\t<\/div>\n\t\t<div class=\"elementor-element elementor-element-269e4ebf e-con-full e-flex e-con e-parent\" data-id=\"269e4ebf\" data-element_type=\"container\">\n\t\t\t\t<div class=\"elementor-element elementor-element-31ae699f elementor-widget elementor-widget-elementskit-heading\" data-id=\"31ae699f\" data-element_type=\"widget\" data-widget_type=\"elementskit-heading.default\">\n\t\t\t\t\t<div class=\"ekit-wid-con\" ><div class=\"ekit-heading elementskit-section-title-wraper text_center   ekit_heading_tablet-   ekit_heading_mobile-\"><span class=\"elementskit-section-subtitle  \">\n\t\t\t\t\t\tFrom our blog\n\t\t\t\t\t<\/span><h2 class=\"ekit-heading--title elementskit-section-title \">Latest <span>News<\/span><\/h2><\/div><\/div>\t\t\t\t<\/div>\n\t\t\t\t<div class=\"elementor-element elementor-element-2ad1aaa9 elementor-widget elementor-widget-elementskit-blog-posts\" data-id=\"2ad1aaa9\" data-element_type=\"widget\" data-widget_type=\"elementskit-blog-posts.default\">\n\t\t\t\t\t<div class=\"ekit-wid-con\" >        <div id=\"post-items--2ad1aaa9\" class=\"row post-items\">\n                <\/div>\n       <\/div>\t\t\t\t<\/div>\n\t\t\t\t<\/div>\n\t\t\t\t<\/div>\n\t\t","protected":false},"excerpt":{"rendered":"<p>Herzlich Willkommen im Eiscafe Lieblingsplatz \u00a0 im Strandbad Sperenberg Eiscaf\u00e8 Geniessen Sie Ihre Auszeit bei einer Tasse Kaffee mit einer Kugel unseres Qualit\u00e4tseis von Eisengel Catering Ob Buffet, Grillwurst oder Bierwagen. Bei uns bekommen Sie das Rundum-Sorglospaket f\u00fcr Ihr Event Vermietung Firmenfeier, Geburtstag bis hin zur Hochzeit. Ihr Event direkt am Strand. Bei dieser Location [&hellip;]<\/p>\n","protected":false},"author":1,"featured_media":0,"parent":0,"menu_order":0,"comment_status":"closed","ping_status":"closed","template":"elementor_canvas","meta":{"footnotes":""},"class_list":["post-24","page","type-page","status-publish","hentry"],"_links":{"self":[{"href":"https:\/\/lieblingsplatz.bitbytesystems.de\/index.php?rest_route=\/wp\/v2\/pages\/24","targetHints":{"allow":["GET"]}}],"collection":[{"href":"https:\/\/lieblingsplatz.bitbytesystems.de\/index.php?rest_route=\/wp\/v2\/pages"}],"about":[{"href":"https:\/\/lieblingsplatz.bitbytesystems.de\/index.php?rest_route=\/wp\/v2\/types\/page"}],"author":[{"embeddable":true,"href":"https:\/\/lieblingsplatz.bitbytesystems.de\/index.php?rest_route=\/wp\/v2\/users\/1"}],"replies":[{"embeddable":true,"href":"https:\/\/lieblingsplatz.bitbytesystems.de\/index.php?rest_route=%2Fwp%2Fv2%2Fcomments&post=24"}],"version-history":[{"count":10,"href":"https:\/\/lieblingsplatz.bitbytesystems.de\/index.php?rest_route=\/wp\/v2\/pages\/24\/revisions"}],"predecessor-version":[{"id":93,"href":"https:\/\/lieblingsplatz.bitbytesystems.de\/index.php?rest_route=\/wp\/v2\/pages\/24\/revisions\/93"}],"wp:attachment":[{"href":"https:\/\/lieblingsplatz.bitbytesystems.de\/index.php?rest_route=%2Fwp%2Fv2%2Fmedia&parent=24"}],"curies":[{"name":"wp","href":"https:\/\/api.w.org\/{rel}","templated":true}]}}